{"id":3793,"date":"2024-10-26T18:34:35","date_gmt":"2024-10-26T17:34:35","guid":{"rendered":"https:\/\/schepin.hr\/?page_id=3793"},"modified":"2025-02-03T00:30:31","modified_gmt":"2025-02-02T23:30:31","slug":"eu-fondovi","status":"publish","type":"page","link":"https:\/\/schepin.hr\/de\/eu-fondovi\/","title":{"rendered":"EU-Fonds"},"content":{"rendered":"<div data-elementor-type=\"wp-post\" data-elementor-id=\"3793\" class=\"elementor elementor-3793\">\n\t\t\t\t\t\t<section class=\"elementor-section elementor-top-section elementor-element elementor-element-7116a5b2 elementor-section-boxed elementor-section-height-default elementor-section-height-default\" data-id=\"7116a5b2\" data-element_type=\"section\" data-e-type=\"section\" data-settings=\"{&quot;background_background&quot;:&quot;classic&quot;}\">\n\t\t\t\t\t\t\t<div class=\"elementor-background-overlay\"><\/div>\n\t\t\t\t\t\t\t<div class=\"elementor-container elementor-column-gap-no\">\n\t\t\t\t\t<div class=\"elementor-column elementor-col-100 elementor-top-column elementor-element elementor-element-6439be06\" data-id=\"6439be06\" data-element_type=\"column\" data-e-type=\"column\" data-settings=\"{&quot;background_background&quot;:&quot;classic&quot;}\">\n\t\t\t<div class=\"elementor-widget-wrap elementor-element-populated\">\n\t\t\t\t\t\t<div class=\"elementor-element elementor-element-198df6ee elementor-widget elementor-widget-heading\" data-id=\"198df6ee\" data-element_type=\"widget\" data-e-type=\"widget\" data-widget_type=\"heading.default\">\n\t\t\t\t<div class=\"elementor-widget-container\">\n\t\t\t\t\t<h1 class=\"elementor-heading-title elementor-size-default\">Europ\u00e4ischer Landwirtschaftsfonds f\u00fcr die Entwicklung des l\u00e4ndlichen Raums: <br> \nEuropa investiert in l\u00e4ndliche Gebiete\n<\/h1>\t\t\t\t<\/div>\n\t\t\t\t<\/div>\n\t\t\t\t\t<\/div>\n\t\t<\/div>\n\t\t\t\t\t<\/div>\n\t\t<\/section>\n\t\t\t\t<section class=\"elementor-section elementor-top-section elementor-element elementor-element-ea88152 elementor-section-boxed elementor-section-height-default elementor-section-height-default\" data-id=\"ea88152\" data-element_type=\"section\" data-e-type=\"section\" data-settings=\"{&quot;shape_divider_bottom&quot;:&quot;opacity-fan&quot;}\">\n\t\t\t\t\t<div class=\"elementor-shape elementor-shape-bottom\" aria-hidden=\"true\" data-negative=\"false\">\n\t\t\t<svg xmlns=\"http:\/\/www.w3.org\/2000\/svg\" viewbox=\"0 0 283.5 19.6\" preserveaspectratio=\"none\">\n\t<path class=\"elementor-shape-fill\" style=\"opacity:0.33\" d=\"M0 0L0 18.8 141.8 4.1 283.5 18.8 283.5 0z\"\/>\n\t<path class=\"elementor-shape-fill\" style=\"opacity:0.33\" d=\"M0 0L0 12.6 141.8 4 283.5 12.6 283.5 0z\"\/>\n\t<path class=\"elementor-shape-fill\" style=\"opacity:0.33\" d=\"M0 0L0 6.4 141.8 4 283.5 6.4 283.5 0z\"\/>\n\t<path class=\"elementor-shape-fill\" d=\"M0 0L0 1.2 141.8 4 283.5 1.2 283.5 0z\"\/>\n<\/svg>\t\t<\/div>\n\t\t\t\t\t<div class=\"elementor-container elementor-column-gap-default\">\n\t\t\t\t\t<div class=\"elementor-column elementor-col-100 elementor-top-column elementor-element elementor-element-8de512f\" data-id=\"8de512f\" data-element_type=\"column\" data-e-type=\"column\">\n\t\t\t<div class=\"elementor-widget-wrap elementor-element-populated\">\n\t\t\t\t\t\t<div class=\"elementor-element elementor-element-a937ad9 elementor-widget elementor-widget-image\" data-id=\"a937ad9\" data-element_type=\"widget\" data-e-type=\"widget\" data-widget_type=\"image.default\">\n\t\t\t\t<div class=\"elementor-widget-container\">\n\t\t\t\t\t\t\t\t\t\t\t\t\t\t\t<img fetchpriority=\"high\" decoding=\"async\" width=\"1996\" height=\"319\" src=\"https:\/\/schepin.hr\/wp-content\/uploads\/2024\/10\/banner.webp\" class=\"attachment-full size-full wp-image-3820\" alt=\"Kada radi\u0161, radi kako treba! usluge \u0161umarstvo poljprivreda trgovina uvoz izvoz savjetovanje investicije When you work, work properly! services, forestry, agriculture, trade, import, export, consulting, investments Wenn Sie arbeiten, arbeiten Sie richtig! Dienstleistungen, Forstwirtschaft, Landwirtschaft, Handel, Import, Export, Beratung, Investitionen Quando lavori, lavora bene! servizi, silvicoltura, agricoltura, commercio, importazione, esportazione, consulenza, investimenti \u0639\u0646\u062f\u0645\u0627 \u062a\u0639\u0645\u0644\u060c \u0627\u0639\u0645\u0644 \u0628\u0634\u0643\u0644 \u0635\u062d\u064a\u062d! \u0627\u0644\u062e\u062f\u0645\u0627\u062a \u0648\u0627\u0644\u063a\u0627\u0628\u0627\u062a \u0648\u0627\u0644\u0632\u0631\u0627\u0639\u0629 \u0648\u0627\u0644\u062a\u062c\u0627\u0631\u0629 \u0648\u0627\u0644\u0627\u0633\u062a\u064a\u0631\u0627\u062f \u0648\u0627\u0644\u062a\u0635\u062f\u064a\u0631 \u0648\u0627\u0644\u0627\u0633\u062a\u0634\u0627\u0631\u0627\u062a \u0648\u0627\u0644\u0627\u0633\u062a\u062b\u0645\u0627\u0631\u0627\u062a\" srcset=\"https:\/\/schepin.hr\/wp-content\/uploads\/2024\/10\/banner.webp 1996w, https:\/\/schepin.hr\/wp-content\/uploads\/2024\/10\/banner-300x48.webp 300w, https:\/\/schepin.hr\/wp-content\/uploads\/2024\/10\/banner-1024x164.webp 1024w, https:\/\/schepin.hr\/wp-content\/uploads\/2024\/10\/banner-768x123.webp 768w, https:\/\/schepin.hr\/wp-content\/uploads\/2024\/10\/banner-1536x245.webp 1536w, https:\/\/schepin.hr\/wp-content\/uploads\/2024\/10\/banner-18x3.webp 18w\" sizes=\"(max-width: 1996px) 100vw, 1996px\" \/>\t\t\t\t\t\t\t\t\t\t\t\t\t\t\t<\/div>\n\t\t\t\t<\/div>\n\t\t\t\t\t<\/div>\n\t\t<\/div>\n\t\t\t\t\t<\/div>\n\t\t<\/section>\n\t\t\t\t<section class=\"elementor-section elementor-top-section elementor-element elementor-element-ed3b290 elementor-section-boxed elementor-section-height-default elementor-section-height-default\" data-id=\"ed3b290\" data-element_type=\"section\" data-e-type=\"section\">\n\t\t\t\t\t\t<div class=\"elementor-container elementor-column-gap-default\">\n\t\t\t\t\t<div class=\"elementor-column elementor-col-100 elementor-top-column elementor-element elementor-element-f236ad3\" data-id=\"f236ad3\" data-element_type=\"column\" data-e-type=\"column\">\n\t\t\t<div class=\"elementor-widget-wrap elementor-element-populated\">\n\t\t\t\t\t\t<div class=\"elementor-element elementor-element-05bd104 elementor-widget-divider--view-line elementor-widget elementor-widget-divider\" data-id=\"05bd104\" data-element_type=\"widget\" data-e-type=\"widget\" data-widget_type=\"divider.default\">\n\t\t\t\t<div class=\"elementor-widget-container\">\n\t\t\t\t\t\t\t<div class=\"elementor-divider\">\n\t\t\t<span class=\"elementor-divider-separator\">\n\t\t\t\t\t\t<\/span>\n\t\t<\/div>\n\t\t\t\t\t\t<\/div>\n\t\t\t\t<\/div>\n\t\t\t\t<div class=\"elementor-element elementor-element-2db401c elementor-widget elementor-widget-text-editor\" data-id=\"2db401c\" data-element_type=\"widget\" data-e-type=\"widget\" data-widget_type=\"text-editor.default\">\n\t\t\t\t<div class=\"elementor-widget-container\">\n\t\t\t\t\t\t\t\t\t<p style=\"text-align: center;\">Art der Operation 8.6.1. \u201eModernisierung von Technologien, Maschinen, Werkzeugen und Ger\u00e4ten in der Holzernte und Forstwirtschaft\u201c<br \/>PROGRAM RURALNOG RAZVOJA 2014. &#8211; 2020.<br \/>Anteil am kofinanzierten Teil: 85 % der EU, 15 % der Republik Kroatien<\/p>\t\t\t\t\t\t\t\t<\/div>\n\t\t\t\t<\/div>\n\t\t\t\t<div class=\"elementor-element elementor-element-4f10bf4 elementor-widget elementor-widget-text-editor\" data-id=\"4f10bf4\" data-element_type=\"widget\" data-e-type=\"widget\" data-widget_type=\"text-editor.default\">\n\t\t\t\t<div class=\"elementor-widget-container\">\n\t\t\t\t\t\t\t\t\t<p><strong>Name der Anlage:<\/strong><\/p><p>Beschaffung neuer Maschinen, Werkzeuge und Ger\u00e4te f\u00fcr Holzernte- und Forstarbeiten<\/p><p><strong>Beschreibung der Investition:<\/strong><\/p><p>Die Investition besteht in der Anschaffung v\u00f6llig neuer Maschinen, Werkzeuge, Ger\u00e4te und Ausr\u00fcstungen, die f\u00fcr die Durchf\u00fchrung von Holzernte- und Forstarbeiten erforderlich sind. Alle Maschinen, deren Anschaffung geplant ist, werden den EURO V-Standards entsprechen, was die negativen Auswirkungen auf die Umwelt verringert, w\u00e4hrend die Energieeffizienz durch die Investition in Maschinen mit Antriebsmotoren mit einem spezifischen Kraftstoffverbrauch \u2264 242 g\/kWh erreicht wird. Mit dieser Investition kann das Unternehmen seine Dienstleistungen im Bereich Holzgewinnung und Forstwirtschaft auf dem Markt anbieten und dabei moderne, umweltfreundliche und energieeffiziente Technologien einsetzen. Geplant ist die Anschaffung von zwei Forsttraktoren, einem H\u00e4cksler zur Zerkleinerung von Holzsortimenten (Shredder), einer Erntemaschine, einem Schwanenanh\u00e4nger, einem Fl\u00e4chen- und einem Tiefmulcher sowie einem Forstanh\u00e4nger mit Kran. All dies ist notwendig, damit das Unternehmen einen umfassenden Service auf dem Markt anbieten kann, wie z. B. Mulchen, Reinigen, Bau von Forstbahnen, Bau von Forststra\u00dfen, Dienstleistungen zur Zerkleinerung von Holzbiomasse, Dienstleistungen zur Gewinnung von Holzsortimenten usw Transport von Holzsortimenten.<\/p><p><strong>Ziele und Zweck:<\/strong><\/p><p>Investitionen in neue Maschinen, Werkzeuge, Ger\u00e4te und Ger\u00e4te, die f\u00fcr die Holzernte und Forstarbeiten erforderlich sind, tragen zu folgenden Zielen bei:<\/p><ul><li>Steigerung der Energieeffizienz<\/li><li>Erh\u00f6hung der Umweltvertr\u00e4glichkeit<\/li><li>Erh\u00f6hung der Ergonomie und\/oder Sicherheit von Arbeitsabl\u00e4ufen bei Holzernte- und\/oder Forstarbeiten<\/li><\/ul><p><strong>Anteil der Kofinanzierung: <\/strong><\/p><ul><li>EU 85%<\/li><li>RH 15%<\/li><\/ul><p><strong>Ansprechpartner f\u00fcr weitere Informationen:<\/strong><\/p><p>Dorian Obrovac (E-Mail: info@schepin.hr)<\/p>\t\t\t\t\t\t\t\t<\/div>\n\t\t\t\t<\/div>\n\t\t\t\t\t<\/div>\n\t\t<\/div>\n\t\t\t\t\t<\/div>\n\t\t<\/section>\n\t\t\t\t<section class=\"elementor-section elementor-top-section elementor-element elementor-element-4e5eda5 elementor-section-boxed elementor-section-height-default elementor-section-height-default\" data-id=\"4e5eda5\" data-element_type=\"section\" data-e-type=\"section\">\n\t\t\t\t\t\t<div class=\"elementor-container elementor-column-gap-default\">\n\t\t\t\t\t<div class=\"elementor-column elementor-col-100 elementor-top-column elementor-element elementor-element-d3553c3\" data-id=\"d3553c3\" data-element_type=\"column\" data-e-type=\"column\">\n\t\t\t<div class=\"elementor-widget-wrap elementor-element-populated\">\n\t\t\t\t\t\t<div class=\"elementor-element elementor-element-72ec3dd elementor-widget-divider--view-line elementor-widget elementor-widget-divider\" data-id=\"72ec3dd\" data-element_type=\"widget\" data-e-type=\"widget\" data-widget_type=\"divider.default\">\n\t\t\t\t<div class=\"elementor-widget-container\">\n\t\t\t\t\t\t\t<div class=\"elementor-divider\">\n\t\t\t<span class=\"elementor-divider-separator\">\n\t\t\t\t\t\t<\/span>\n\t\t<\/div>\n\t\t\t\t\t\t<\/div>\n\t\t\t\t<\/div>\n\t\t\t\t<div class=\"elementor-element elementor-element-3b67a34 elementor-widget elementor-widget-text-editor\" data-id=\"3b67a34\" data-element_type=\"widget\" data-e-type=\"widget\" data-widget_type=\"text-editor.default\">\n\t\t\t\t<div class=\"elementor-widget-container\">\n\t\t\t\t\t\t\t\t\t<p style=\"text-align: center;\">Art der Operation 6.1.1. \u201eF\u00f6rderung junger Landwirte\u201c<br \/>PROGRAM RURALNOG RAZVOJA 2014. &#8211; 2020.<br \/>Anteil am kofinanzierten Teil: 90 % EU, 10 % Republik Kroatien<\/p>\t\t\t\t\t\t\t\t<\/div>\n\t\t\t\t<\/div>\n\t\t\t\t<div class=\"elementor-element elementor-element-86b3244 elementor-widget elementor-widget-text-editor\" data-id=\"86b3244\" data-element_type=\"widget\" data-e-type=\"widget\" data-widget_type=\"text-editor.default\">\n\t\t\t\t<div class=\"elementor-widget-container\">\n\t\t\t\t\t\t\t\t\t<p><strong>Name der Anlage:<\/strong><\/p><p>Erweiterung und Modernisierung von OPG Dorian Obrovac<\/p><p><strong>Beschreibung der Investition:<\/strong><\/p><p>Investieren besteht aus mehreren Aktivit\u00e4ten. Der Kauf von 10 ha Land ist notwendig, um den wirtschaftlichen Wert von OPG zu steigern. Durch den Kauf von 5 Zuchtf\u00e4rsen vergr\u00f6\u00dfert sich die Basisherde. Der Kauf einer Ballenpresse und eines Ballenwicklers erm\u00f6glicht eine effizientere Aufzucht und Mast von Nutztieren durch Zeitersparnis. Der Wissenserwerb des jungen Unternehmers im Bereich der F\u00fchrung des OPG-Gesch\u00e4fts wird einen effizienteren und wirtschaftlicheren zuk\u00fcnftigen Betrieb von OPG erm\u00f6glichen. Alle diese Aktivit\u00e4ten werden zur Erreichung der Anlageziele f\u00fchren.<\/p><p><strong>Ziele und Zweck:<\/strong><\/p><p>Das Projekt \u201eErweiterung und Modernisierung der OPG tr\u00e4gt zu folgenden Zielen bei:<\/p><ul><li>Modernisierung und\/oder Verbesserung von Arbeits- und Gesch\u00e4ftsprozessen<\/li><li>Die Steigerung der Produktionskapazit\u00e4t dr\u00fcckt sich in einer Steigerung des gesamtwirtschaftlichen Standardergebnisses aus<\/li><\/ul><p><strong>Anteil der Kofinanzierung: <\/strong><\/p><ul><li>EU 90%<\/li><li>RH 10%<\/li><\/ul><p><strong>Ansprechpartner f\u00fcr weitere Informationen:<\/strong><\/p><p>Dorian Obrovac (E-Mail: info@schepin.hr)<\/p>\t\t\t\t\t\t\t\t<\/div>\n\t\t\t\t<\/div>\n\t\t\t\t\t<\/div>\n\t\t<\/div>\n\t\t\t\t\t<\/div>\n\t\t<\/section>\n\t\t\t\t<section class=\"elementor-section elementor-top-section elementor-element elementor-element-58f0bb5c elementor-section-boxed elementor-section-height-default elementor-section-height-default\" data-id=\"58f0bb5c\" data-element_type=\"section\" data-e-type=\"section\" data-settings=\"{&quot;background_background&quot;:&quot;classic&quot;}\">\n\t\t\t\t\t\t\t<div class=\"elementor-background-overlay\"><\/div>\n\t\t\t\t\t\t\t<div class=\"elementor-container elementor-column-gap-no\">\n\t\t\t\t\t<div class=\"elementor-column elementor-col-100 elementor-top-column elementor-element elementor-element-2d5b82ff\" data-id=\"2d5b82ff\" data-element_type=\"column\" data-e-type=\"column\">\n\t\t\t<div class=\"elementor-widget-wrap elementor-element-populated\">\n\t\t\t\t\t\t<div class=\"elementor-element elementor-element-683430c3 elementor-widget-divider--view-line elementor-widget elementor-widget-divider\" data-id=\"683430c3\" data-element_type=\"widget\" data-e-type=\"widget\" data-widget_type=\"divider.default\">\n\t\t\t\t<div class=\"elementor-widget-container\">\n\t\t\t\t\t\t\t<div class=\"elementor-divider\">\n\t\t\t<span class=\"elementor-divider-separator\">\n\t\t\t\t\t\t<\/span>\n\t\t<\/div>\n\t\t\t\t\t\t<\/div>\n\t\t\t\t<\/div>\n\t\t\t\t<div class=\"elementor-element elementor-element-2c9a982a elementor-widget elementor-widget-heading\" data-id=\"2c9a982a\" data-element_type=\"widget\" data-e-type=\"widget\" data-widget_type=\"heading.default\">\n\t\t\t\t<div class=\"elementor-widget-container\">\n\t\t\t\t\t<h2 class=\"elementor-heading-title elementor-size-default\">Wir bieten umfassenden und besten Service in der Branche.<\/h2>\t\t\t\t<\/div>\n\t\t\t\t<\/div>\n\t\t\t\t<div class=\"elementor-element elementor-element-4d64a70b elementor-align-center elementor-widget elementor-widget-button\" data-id=\"4d64a70b\" data-element_type=\"widget\" data-e-type=\"widget\" data-widget_type=\"button.default\">\n\t\t\t\t<div class=\"elementor-widget-container\">\n\t\t\t\t\t\t\t\t\t<div class=\"elementor-button-wrapper\">\n\t\t\t\t\t<a class=\"elementor-button elementor-button-link elementor-size-sm\" href=\"https:\/\/schepin.hr\/de\/kontakt\/\">\n\t\t\t\t\t\t<span class=\"elementor-button-content-wrapper\">\n\t\t\t\t\t\t<span class=\"elementor-button-icon\">\n\t\t\t\t\t\t\t<\/span>\n\t\t\t\t\t\t\t\t\t<span class=\"elementor-button-text\">ANFRAGE ABSENDEN<\/span>\n\t\t\t\t\t<\/span>\n\t\t\t\t\t<\/a>\n\t\t\t\t<\/div>\n\t\t\t\t\t\t\t\t<\/div>\n\t\t\t\t<\/div>\n\t\t\t\t\t<\/div>\n\t\t<\/div>\n\t\t\t\t\t<\/div>\n\t\t<\/section>\n\t\t\t\t<\/div>","protected":false},"excerpt":{"rendered":"<p>Europski poljoprivredni fond za ruralni razvoj: Europa ula\u017ee u ruralna podru\u010dja Tip operacije 8.6.1. &#8221; Modernizacija tehnologija, strojeva, alata i opreme u pridobivanju drva i \u0161umouzgojnim radovima&#8221;PROGRAM RURALNOG RAZVOJA 2014. &#8211; 2020.Udio u sufinanciranom dijelu: 85% EU, 15% RH Naziv ulaganja: Nabava novih strojeva, alata i opreme u pridobivanju drva i \u0161umskouzgojnim radovima Opis ulaganja: [&hellip;]<\/p>\n","protected":false},"author":1,"featured_media":0,"parent":0,"menu_order":0,"comment_status":"closed","ping_status":"closed","template":"","meta":{"site-sidebar-layout":"no-sidebar","site-content-layout":"page-builder","ast-site-content-layout":"default","site-content-style":"default","site-sidebar-style":"default","ast-global-header-display":"","ast-banner-title-visibility":"","ast-main-header-display":"","ast-hfb-above-header-display":"","ast-hfb-below-header-display":"","ast-hfb-mobile-header-display":"","site-post-title":"disabled","ast-breadcrumbs-content":"","ast-featured-img":"disabled","footer-sml-layout":"","ast-disable-related-posts":"","theme-transparent-header-meta":"enabled","adv-header-id-meta":"","stick-header-meta":"","header-above-stick-meta":"","header-main-stick-meta":"","header-below-stick-meta":"","astra-migrate-meta-layouts":"default","ast-page-background-enabled":"default","ast-page-background-meta":{"desktop":{"background-color":"","background-image":"","background-repeat":"repeat","background-position":"center center","background-size":"auto","background-attachment":"scroll","background-type":"","background-media":"","overlay-type":"","overlay-color":"","overlay-opacity":"","overlay-gradient":""},"tablet":{"background-color":"","background-image":"","background-repeat":"repeat","background-position":"center center","background-size":"auto","background-attachment":"scroll","background-type":"","background-media":"","overlay-type":"","overlay-color":"","overlay-opacity":"","overlay-gradient":""},"mobile":{"background-color":"","background-image":"","background-repeat":"repeat","background-position":"center center","background-size":"auto","background-attachment":"scroll","background-type":"","background-media":"","overlay-type":"","overlay-color":"","overlay-opacity":"","overlay-gradient":""}},"ast-content-background-meta":{"desktop":{"background-color":"var(--ast-global-color-5)","background-image":"","background-repeat":"repeat","background-position":"center center","background-size":"auto","background-attachment":"scroll","background-type":"","background-media":"","overlay-type":"","overlay-color":"","overlay-opacity":"","overlay-gradient":""},"tablet":{"background-color":"var(--ast-global-color-5)","background-image":"","background-repeat":"repeat","background-position":"center center","background-size":"auto","background-attachment":"scroll","background-type":"","background-media":"","overlay-type":"","overlay-color":"","overlay-opacity":"","overlay-gradient":""},"mobile":{"background-color":"var(--ast-global-color-5)","background-image":"","background-repeat":"repeat","background-position":"center center","background-size":"auto","background-attachment":"scroll","background-type":"","background-media":"","overlay-type":"","overlay-color":"","overlay-opacity":"","overlay-gradient":""}},"footnotes":""},"class_list":["post-3793","page","type-page","status-publish","hentry"],"_links":{"self":[{"href":"https:\/\/schepin.hr\/de\/wp-json\/wp\/v2\/pages\/3793","targetHints":{"allow":["GET"]}}],"collection":[{"href":"https:\/\/schepin.hr\/de\/wp-json\/wp\/v2\/pages"}],"about":[{"href":"https:\/\/schepin.hr\/de\/wp-json\/wp\/v2\/types\/page"}],"author":[{"embeddable":true,"href":"https:\/\/schepin.hr\/de\/wp-json\/wp\/v2\/users\/1"}],"replies":[{"embeddable":true,"href":"https:\/\/schepin.hr\/de\/wp-json\/wp\/v2\/comments?post=3793"}],"version-history":[{"count":0,"href":"https:\/\/schepin.hr\/de\/wp-json\/wp\/v2\/pages\/3793\/revisions"}],"wp:attachment":[{"href":"https:\/\/schepin.hr\/de\/wp-json\/wp\/v2\/media?parent=3793"}],"curies":[{"name":"wp","href":"https:\/\/api.w.org\/{rel}","templated":true}]}}